{"id":152,"date":"2015-10-19T16:29:31","date_gmt":"2015-10-19T21:29:31","guid":{"rendered":"http:\/\/para.llel.us\/themes\/frontrunner\/demo\/?page_id=152"},"modified":"2024-01-24T19:47:02","modified_gmt":"2024-01-24T19:47:02","slug":"plan-de-desarrollo-de-panama-norte","status":"publish","type":"page","link":"https:\/\/votavallarino.com\/index.php\/plan-de-desarrollo-de-panama-norte\/","title":{"rendered":"PROPUESTAS"},"content":{"rendered":"<h4 style=\"text-align: center;\"><\/h4>\n<blockquote><p><strong>ZONA DE INNOVACI\u00d3N (ZINN):\u00a0<\/strong><\/p><\/blockquote>\n<p>Planteamos la creaci\u00f3n de un epicentro de vanguardia: <strong>UN HUB TECNOL\u00d3GICO, LOG\u00cdSTICO Y EDUCATIVO<\/strong> que ser\u00e1 el motor hacia el progreso y la innovaci\u00f3n. Ser\u00e1 el futuro de nuestra regi\u00f3n.<\/p>\n<p><strong>Imagina <\/strong>una fusi\u00f3n entre las \u00e1reas econ\u00f3micas especiales de Pan\u00e1m\u00e1 Pac\u00edfico y la Ciudad del Saber en Panam\u00e1 Norte.<\/p>\n<p>Un \u00e1rea geogr\u00e1fica delimitada de uso mixtocon\u00a0 con r\u00e9gimen especial, dise\u00f1ada y planificada espec\u00edficamente para inpulsar el desarrollo econ\u00f3mico, educaci\u00f3n, la vivienda y fomentar la innovaci\u00f3n, la creatividad y el emprendimiento.<\/p>\n<p>Con esto lograremos atraer a empresas multinacionales y generar cientos de empleos en Panam\u00e1 Norte.<\/p>\n<p>Ser\u00e1 un espacio urbano donde trabajar\u00e1n juntos empresas, instituciones acad\u00e9micas, organizaciones sin fines de lucro y el sector p\u00fablico. <strong>Su misi\u00f3n es ser un punto para dar respuesta y soluciones a las necesidades socioculturales, econ\u00f3micas y ambientales, adem\u00e1s de la gestaci\u00f3n de nuevas innovaciones y emprendimientos en la regi\u00f3n de Panam\u00e1 Norte.<\/strong><\/p>\n<p>Este proyecto ambicioso, que pronto ser\u00e1 presentado ante la Asamblea Nacional, se propone como un crisol de encuentro y colaboraci\u00f3n constante.<\/p>\n<p><strong>Ver m\u00e1s&#8230;<\/strong><\/p>\n<blockquote><p><strong>TELESALUD: <\/strong><strong style=\"font-size: revert;\">ATENCI\u00d3N M\u00c9DICA POR VIDEO EN TU CELULAR\u00a0<\/strong><\/p><\/blockquote>\n<p>Imagina un futuro donde las largas esperas para citas m\u00e9dicas en la CSS son cosa del pasado, donde la atenci\u00f3n de especialista est\u00e1 a tu alcance, independientemente de tu ubicaci\u00f3n geogr\u00e1fica.<\/p>\n<p>La Telesalud brinda atenci\u00f3n m\u00e9dica sin la necesidad de una visita al consultorio m\u00e9dico en persona. L<strong>as consultas por video llamadas (en tel\u00e9fonos m\u00f3viles, tabletas y otras computadoras), el intercambio de mensajes por whatsapp <\/strong><strong>y el acceso instant\u00e1neo a los resultados de ex\u00e1menes m\u00e9dicos por email<\/strong> son solo una peque\u00f1a parte de todo lo que es posible.<\/p>\n<p>Esta ser\u00e1 una forma innovadora de atenci\u00f3n m\u00e9dica que ser\u00e1 un salvavidas para muchos. Aunque las visitas al consultorio en persona son necesarias en ciertos casos, hay muchos beneficios de la atenci\u00f3n de\u00a0<strong>Telesalud\u00a0<\/strong>como: <strong>reducir la espera para citas, acceso a especialistas, resultados de pruebas<\/strong>, <strong>salud mental, afecciones recurrentes y de la piel, gesti\u00f3n de las recetas, urgencias y seguimiento, terapia ocupacional, etc.<\/strong><\/p>\n<p>Mejoraremos las disposiciones establecidas en la Ley N\u00b0 203. A fin de abordar de manera integral y ambiciosa los desaf\u00edos en Panam\u00e1 Norte, bajo los principios de eficiencia, universalidad, solidaridad, integralidad, unidad, calidad y los principios b\u00e1sicos para nuestra regi\u00f3n.<\/p>\n<p><strong>Ver m\u00e1s&#8230;<\/strong><\/p>\n<blockquote><p><b>CORREDOR VERDE NORTE: MOVILIDAD SOSTENIBLE\u00a0<\/b><\/p><\/blockquote>\n<p>Es una propuesta que se enmarca dentro de la pol\u00edtica de movilidad sostenible de Panam\u00e1 Norte. El proyecto tendr\u00e1 un efecto positivo no solo en materia ambiental, sino de movilidad, porque permitir\u00e1 destrabar la construcci\u00f3n de v\u00edas cruciales y <strong>se construir\u00e1n las v\u00edas que tanto necesitan los norte\u00f1os.<\/strong><\/p>\n<p><strong>El proyecto se basa en la creaci\u00f3n de una red de v\u00edas que interconecten a los 5 corregimientos<\/strong>, sus principales v\u00edas de acceso, \u00e1reas residenciales y reservas naturales. Adem\u00e1s, <strong>el proyecto contempla la construcci\u00f3n v\u00edas exclusivas para bicicletas y peatones, parques y \u00e1reas verdes, zonas culturales, est\u00e9ticas y recreativas<\/strong>, lo que contribuir\u00e1 a mejorar la calidad de vida de los ciudadanos.<\/p>\n<p>El objetivo principal del proyecto es reducir la congesti\u00f3n vehicular Panam\u00e1 Norte, mejorar la calidad del aire que respiramos, regular la temperatura y contrarrestar la degradaci\u00f3n ambiental derivada de la urbanizaci\u00f3n descontrolada, entre otros.<\/p>\n<p><strong>Ver m\u00e1s&#8230;<\/strong><\/p>\n<blockquote><p><b>CENTROS COMUNITARIOS DE INNOVACI\u00d3N SOCIAL <strong>(CCIS)<\/strong><\/b><\/p><\/blockquote>\n<p>La innovaci\u00f3n social es clave para el desarrollo sostenible.<\/p>\n<p><strong>Un Centro Comunitario de Innovaci\u00f3n Social (CCIS)<\/strong>, es una infraestructura p\u00fablica gratuita que tiene como objetivo brindar las herramientas que se necesitan para acelerar tu \u00e9xito y amplificar tu impacto econ\u00f3mico. Queremos brindar una plataforma de formaci\u00f3n, cultura, trabajo compartido y lanzamiento al servicio de las personas de los corregimientos de Panam\u00e1 Norte.<\/p>\n<p>Dirigido a todos con el fin de recibir servicios innovadores para una mayor inclusi\u00f3n, y trabajar para reducir las enormes desigualdades econ\u00f3micas y sociales que existen en nuestro pa\u00eds.<\/p>\n<p><strong>Ver m\u00e1s&#8230;<\/strong><\/p>\n<blockquote><p><strong>PROYECTO CUENCA: LA ACCI\u00d3N CLIM\u00c1TICA M\u00c1S FUERTE\u00a0<\/strong><\/p><\/blockquote>\n<p><strong>Este anteproyecto pretende ser la acci\u00f3n clim\u00e1tica m\u00e1s fuerte hasta el momento en Panam\u00e1 para Cuenca Hidrogr\u00e1fica del Canal de Panam\u00e1.<\/strong> Tiene por objeto mejorar las disposiciones establecidas en la Ley 21 de 1997, que aprueba el Plan de Desarrollo Sostenible del \u00c1rea del Canal y su Cuenca Hidrogr\u00e1fica, a fin de abordar de manera integral y ambiciosa los desaf\u00edos del cambio clim\u00e1tico, el desarrollo econ\u00f3mico y el beneficio efectivo a los corregimientos que se encuentran en la cuenca hidrogr\u00e1fica aleda\u00f1a al Canal de Panam\u00e1.<\/p>\n<p>Se crear\u00e1n incentivos fiscales y financieros para las empresas y proyectos en diversos sectores econ\u00f3micos que demuestren un compromiso real con la sostenibilidad y la conservaci\u00f3n del medio ambiente en la cuenca hidrogr\u00e1fica de Panam\u00e1. Se promover\u00e1 el desarrollo en \u00e1reas como energ\u00edas renovables, transporte sostenible, agricultura y construcci\u00f3n sostenible.<\/p>\n<p>Estos incentivos podr\u00e1n incluir exenciones fiscales, acceso preferencial a l\u00edneas de financiamiento y otros beneficios que fomenten pr\u00e1cticas sostenibles.<\/p>\n<p>Contemplar\u00e1 la promoci\u00f3n del empleo verde y sostenible, incentivando la creaci\u00f3n de puestos de trabajo en sectores relacionados con la econom\u00eda circular, la restauraci\u00f3n de ecosistemas, la gesti\u00f3n sostenible de recursos naturales y la adaptaci\u00f3n al cambio clim\u00e1tico.<\/p>\n<p><strong>Ver m\u00e1s&#8230;<\/strong><\/p>\n","protected":false},"excerpt":{"rendered":"<p>ZONA DE INNOVACI\u00d3N (ZINN):\u00a0 Planteamos la creaci\u00f3n de un epicentro de vanguardia: UN HUB TECNOL\u00d3GICO, LOG\u00cdSTICO Y EDUCATIVO que ser\u00e1 el motor hacia el progreso y la innovaci\u00f3n. Ser\u00e1 el futuro de nuestra regi\u00f3n. Imagina una fusi\u00f3n entre las \u00e1reas econ\u00f3micas especiales de Pan\u00e1m\u00e1 Pac\u00edfico y la Ciudad del Saber en Panam\u00e1 Norte. Un \u00e1rea geogr\u00e1fica delimitada de uso mixtocon\u00a0 &hellip;<\/p>\n","protected":false},"author":1,"featured_media":363,"parent":0,"menu_order":0,"comment_status":"closed","ping_status":"closed","template":"","meta":{"footnotes":""},"_links":{"self":[{"href":"https:\/\/votavallarino.com\/index.php\/wp-json\/wp\/v2\/pages\/152"}],"collection":[{"href":"https:\/\/votavallarino.com\/index.php\/wp-json\/wp\/v2\/pages"}],"about":[{"href":"https:\/\/votavallarino.com\/index.php\/wp-json\/wp\/v2\/types\/page"}],"author":[{"embeddable":true,"href":"https:\/\/votavallarino.com\/index.php\/wp-json\/wp\/v2\/users\/1"}],"replies":[{"embeddable":true,"href":"https:\/\/votavallarino.com\/index.php\/wp-json\/wp\/v2\/comments?post=152"}],"version-history":[{"count":21,"href":"https:\/\/votavallarino.com\/index.php\/wp-json\/wp\/v2\/pages\/152\/revisions"}],"predecessor-version":[{"id":384,"href":"https:\/\/votavallarino.com\/index.php\/wp-json\/wp\/v2\/pages\/152\/revisions\/384"}],"wp:featuredmedia":[{"embeddable":true,"href":"https:\/\/votavallarino.com\/index.php\/wp-json\/wp\/v2\/media\/363"}],"wp:attachment":[{"href":"https:\/\/votavallarino.com\/index.php\/wp-json\/wp\/v2\/media?parent=152"}],"curies":[{"name":"wp","href":"https:\/\/api.w.org\/{rel}","templated":true}]}}