{"id":332,"date":"2023-12-28T09:01:18","date_gmt":"2023-12-28T09:01:18","guid":{"rendered":"https:\/\/votavallarino.com\/?page_id=332"},"modified":"2023-12-28T09:06:32","modified_gmt":"2023-12-28T09:06:32","slug":"sobre-ariel-vallarino","status":"publish","type":"page","link":"https:\/\/votavallarino.com\/index.php\/sobre-ariel-vallarino\/","title":{"rendered":"Acerca de Ariel Vallarino"},"content":{"rendered":"\n<p>Ariel Vallarino, pol\u00edtico paname\u00f1o de 42 a\u00f1os, se crio y creci\u00f3 en Panam\u00e1 Norte. Hoy d\u00eda es un destacado profesional en el \u00e1rea de la tecnolog\u00eda, est\u00e1 casado con la Miss Panam\u00e1 2001 y Reina Table\u00f1a Lourdes Cristina Gonz\u00e1lez por 14 a\u00f1os y son padres de Victoria, una ni\u00f1a de 7 a\u00f1os. Representa la a la generaci\u00f3n actual de una familia con una profunda tradici\u00f3n pol\u00edtica en regi\u00f3n de Panam\u00e1 Norte.<\/p>\n\n\n\n<h3 class=\"wp-block-heading\">Trayectoria Familiar<\/h3>\n\n\n\n<p>La historia de la familia Vallarino en Panam\u00e1 Norte se remonta a la d\u00e9cada de 1950, cuando llegaron al corregimiento de Las Cumbres-Alcalde D\u00edaz. Desde entonces, han construido una destacada trayectoria pol\u00edtica caracterizada por su dedicaci\u00f3n al servicio p\u00fablico y su compromiso con la comunidad.<\/p>\n\n\n\n<p>El legado pol\u00edtico de los Vallarino comenz\u00f3 con Ismael &#8220;Cucho&#8221; Vallarino, quien ocup\u00f3 el cargo de Diputado en el pasado. Su incansable trabajo y pasi\u00f3n por el servicio p\u00fablico dejaron una marca perdurable en la regi\u00f3n. Posteriormente, Arturo Vallarino, sigui\u00f3 los pasos de su padre y se convirti\u00f3 en Concejal, Diputado en 1982 y luego Vicepresidente de la Rep\u00fablica en 1999. Su liderazgo y visi\u00f3n contribuyeron al crecimiento y desarrollo del pa\u00eds.<\/p>\n\n\n\n<h3 class=\"wp-block-heading\">Trayectoria Pol\u00edtica<\/h3>\n\n\n\n<p>Siguiendo el servicio a de su familia, Ariel se ha convertido en un miembro valioso en la regi\u00f3n de Panam\u00e1 Norte. Al militar desde los 18 a\u00f1os en la pol\u00edtica, en el 2018, supo que era el momento de dedicarse a una causa superior y decidi\u00f3 lanzarse como candidato a Diputado en las elecciones de 2019<strong>.<\/strong><\/p>\n\n\n\n<blockquote class=\"wp-block-quote is-layout-flow wp-block-quote-is-layout-flow\">\n<p><strong>Ariel lo describe como: !un llamado a hacer lo correcto<\/strong>!<\/p>\n<\/blockquote>\n\n\n\n<p>Su campa\u00f1a fue acogida con gran entusiasmo por los moradores de los cinco corregimientos de Panam\u00e1 Norte: <strong>Alcalde D\u00edaz, Chilibre, Las Cumbres, Ernesto C\u00f3rdoba Campos y Caimitillo<\/strong>. Quienes vieron en \u00e9l a un l\u00edder capaz de transformar a la regi\u00f3n de Panam\u00e1 Norte.<\/p>\n\n\n\n<p>A pesar de su incuestionable popularidad y el respaldo de miles de votantes, <strong>Ariel Vallarino<\/strong> se encontr\u00f3 con obst\u00e1culos en las elecciones de 2019 debido a graves irregularidades en el proceso electoral. A pesar de obtener m\u00e1s de 15,000 votos, qued\u00f3 como en el top 3 de los m\u00e1s votados y, lamentablemente, debido a las disposiciones del c\u00f3digo electoral, la curul le fue otorgada a otro candidato por residuo. <strong>Ariel, denunci\u00f3 en\u00e9rgicamente el proceso electoral, impugnando la elecci\u00f3n y denunciando irregularidades en m\u00e1s de 56 actas de mesa que cambiaron los resultados de la elecci\u00f3n.<\/strong><\/p>\n\n\n\n<h3 class=\"wp-block-heading\">Elecciones 2024<\/h3>\n\n\n\n<p>Sin embargo, Ariel Vallarino no se dej\u00f3 desanimar por este rev\u00e9s y, en un verdadero esp\u00edritu de perseverancia, est\u00e1 nuevamente en la arena pol\u00edtica como candidato por el partido Realizando Metas en las elecciones de mayo de 2024. Su dedicaci\u00f3n y compromiso con Panam\u00e1 Norte siguen intactos, y esta vez se une a la candidatura presidencial de Ricardo Martinelli, en busca de ser electo como Diputado de la Rep\u00fablica.<\/p>\n\n\n\n<p>Con una familia que ha dejado una huella impecable en la pol\u00edtica nacional, <strong>Ariel Vallarino contin\u00faa el legado de servicio p\u00fablico y liderazgo de los Vallarino en Panam\u00e1 Norte. Su visi\u00f3n y dedicaci\u00f3n lo convierten en el candidato protagonista de la elecci\u00f3n, sin duda, continuar\u00e1 trabajando incansablemente para el beneficio de todos en Panam\u00e1 Norte y de todo el pa\u00eds.<\/strong><\/p>\n","protected":false},"excerpt":{"rendered":"<p>Ariel Vallarino, pol\u00edtico paname\u00f1o de 42 a\u00f1os, se crio y creci\u00f3 en Panam\u00e1 Norte. Hoy d\u00eda es un destacado profesional en el \u00e1rea de la tecnolog\u00eda, est\u00e1 casado con la Miss Panam\u00e1 2001 y Reina Table\u00f1a Lourdes Cristina Gonz\u00e1lez por 14 a\u00f1os y son padres de Victoria, una ni\u00f1a de 7 a\u00f1os. Representa la a la generaci\u00f3n actual de una &hellip;<\/p>\n","protected":false},"author":1,"featured_media":0,"parent":0,"menu_order":0,"comment_status":"closed","ping_status":"closed","template":"","meta":{"footnotes":""},"_links":{"self":[{"href":"https:\/\/votavallarino.com\/index.php\/wp-json\/wp\/v2\/pages\/332"}],"collection":[{"href":"https:\/\/votavallarino.com\/index.php\/wp-json\/wp\/v2\/pages"}],"about":[{"href":"https:\/\/votavallarino.com\/index.php\/wp-json\/wp\/v2\/types\/page"}],"author":[{"embeddable":true,"href":"https:\/\/votavallarino.com\/index.php\/wp-json\/wp\/v2\/users\/1"}],"replies":[{"embeddable":true,"href":"https:\/\/votavallarino.com\/index.php\/wp-json\/wp\/v2\/comments?post=332"}],"version-history":[{"count":3,"href":"https:\/\/votavallarino.com\/index.php\/wp-json\/wp\/v2\/pages\/332\/revisions"}],"predecessor-version":[{"id":338,"href":"https:\/\/votavallarino.com\/index.php\/wp-json\/wp\/v2\/pages\/332\/revisions\/338"}],"wp:attachment":[{"href":"https:\/\/votavallarino.com\/index.php\/wp-json\/wp\/v2\/media?parent=332"}],"curies":[{"name":"wp","href":"https:\/\/api.w.org\/{rel}","templated":true}]}}